{"id":967,"date":"2023-03-02T10:55:42","date_gmt":"2023-03-02T10:55:42","guid":{"rendered":"https:\/\/heimspiel.de\/software-entwickler\/"},"modified":"2024-05-28T08:41:31","modified_gmt":"2024-05-28T08:41:31","slug":"software-entwickler","status":"publish","type":"page","link":"https:\/\/heimspiel.de\/de\/karriere\/software-entwickler\/","title":{"rendered":"Jobs"},"content":{"rendered":"\n<h2>Komm&#8217; ins Team!<\/h2>\n<p>Die HEIM:SPIEL Medien GmbH &amp; Co. KG ist einer der f\u00fchrenden redaktionellen, technischen und konzeptionellen Internet-Dienstleister in der europ\u00e4ischen Sportbranche. Heimspiel betreut Projekte f\u00fcr Kunden wie ARD, ZDF, NZZ, ran.de, Spiegel, DFB oder Axel Springer und betreibt die Portale weltfussball.de und sport.de.<\/p>\n<div class=\"accordion\">\n\n\t<div id=\"accordion-1715479020\" class=\"accordion-item\">\n\t\t<a id=\"accordion-1715479020-label\" class=\"accordion-title plain\" href=\"#accordion-item-software-entwicklung\" aria-expanded=\"false\" aria-controls=\"accordion-1715479020-content\">\n\t\t\t<button class=\"toggle\" aria-label=\"Toggle\"><i class=\"icon-angle-down\" aria-hidden=\"true\"><\/i><\/button>\n\t\t\t<span>SOFTWARE-ENTWICKLUNG<\/span>\n\t\t<\/a>\n\t\t<div id=\"accordion-1715479020-content\" class=\"accordion-inner\" aria-labelledby=\"accordion-1715479020-label\">\n\t\t\t\n\n<div class=\"row\"  id=\"row-307153705\">\n\n\n\t<div id=\"col-1960997223\" class=\"col medium-4 small-12 large-4\"  >\n\t\t\t\t<div class=\"col-inner\"  >\n\t\t\t\n\t\t\t\n\n\t<div class=\"img has-hover x md-x lg-x y md-y lg-y\" id=\"image_1555887812\">\n\t\t\t\t\t\t\t\t<div class=\"img-inner dark\" >\n\t\t\t<img loading=\"lazy\" decoding=\"async\" width=\"1020\" height=\"680\" src=\"https:\/\/heimspiel.de\/wp-content\/uploads\/2022\/12\/dtm-1024x683.jpg\" class=\"attachment-large size-large\" alt=\"\" srcset=\"https:\/\/heimspiel.de\/wp-content\/uploads\/2022\/12\/dtm-1024x683.jpg 1024w, https:\/\/heimspiel.de\/wp-content\/uploads\/2022\/12\/dtm-300x200.jpg 300w, https:\/\/heimspiel.de\/wp-content\/uploads\/2022\/12\/dtm-768x512.jpg 768w, https:\/\/heimspiel.de\/wp-content\/uploads\/2022\/12\/dtm-1536x1024.jpg 1536w, https:\/\/heimspiel.de\/wp-content\/uploads\/2022\/12\/dtm-2048x1366.jpg 2048w\" sizes=\"auto, (max-width: 1020px) 100vw, 1020px\" \/>\t\t\t\t\t\t\n\t\t\t\t\t<\/div>\n\t\t\t\t\t\t\t\t\n<style>\n#image_1555887812 {\n  width: 100%;\n}\n<\/style>\n\t<\/div>\n\t\n\n\n\t\t<\/div>\n\t\t\t\t\t<\/div>\n\n\t\n\n\t<div id=\"col-389791010\" class=\"col medium-8 small-12 large-8\"  >\n\t\t\t\t<div class=\"col-inner\"  >\n\t\t\t\n\t\t\t\n\n<p>Um weiter erfolgreich und dynamisch zu wachsen, suchen wir motivierte Kolleginnen und Kollegen, die mit uns die Zukunft von HEIM:SPIEL gestalten. Deshalb suchen wir ab sofort:<\/p>\n<p><strong>Entwickler<\/strong><\/p>\n<p><strong>Deine Aufgaben:<\/strong><br>&#8211; Du entwickelst neue Funktionen und beteiligst dich aktiv an laufenden Projekten.<br>&#8211; Du wirst f\u00fcr webbasierte Projekte zust\u00e4ndig sein.<br>&#8211; Du spielst eine Schl\u00fcsselrolle bei der Entwicklung und Implementierung von Sportrechenzentren f\u00fcr namhafte Medienkunden im In- und Ausland. <br>&#8211; Du f\u00fchrst Projekte in einem dynamischen Team und in Zusammenarbeit mit unserem Redaktionsteam durch.<\/p>\n<p><strong>Dein Profil:<\/strong><br>&#8211; Du verf\u00fcgst \u00fcber fundierte Kenntnisse in HTML, CSS und JavaScript.<br>&#8211; Idealerweise hast Du zus\u00e4tzlich Erfahrung mit SASS, TypeScript und node.js.<br>&#8211; Du hast bereits in der <strong>Vergangenheit<\/strong> mit Git oder einem \u00e4hnlichen Versionsverwaltungssystem gearbeitet.<br>&#8211; Du hast mehrere Jahre Berufserfahrung als (Front-End-)Entwickler.<br>&#8211; Du kannst ein abgeschlossenes Studium der Informatik, eine Ausbildung zum Fachinformatiker oder vergleichbare technisch fundierte Kenntnisse vorweisen.<\/p>\n<p><strong>Wir bieten:<\/strong><br>&#8211; Herausfordernde Projekte mit viel Eigenverantwortung im sportlichen Umfeld.  <br>&#8211; Flexible Arbeitszeiten, Homeoffice oder ein B\u00fcro im Herzen von M\u00fcnster mit Blick auf den Aasee.<\/p>\n<p>Interessiert? Wir freuen uns darauf, Dich kennen zu lernen!<\/p>\n<p><strong>Fragen und Bewerbungen an:<\/strong> <a href=\"mailto:jobs@heimspiel.de\">jobs@heimspiel.de<\/a><\/p>\n\n\t\t<\/div>\n\t\t\t\t\t<\/div>\n\n\t\n\n<\/div>\n\n\t\t<\/div>\n\t<\/div>\n\t\n\n<\/div>\n\n","protected":false},"excerpt":{"rendered":"","protected":false},"author":3,"featured_media":0,"parent":725,"menu_order":0,"comment_status":"closed","ping_status":"closed","template":"","meta":{"footnotes":""},"class_list":["post-967","page","type-page","status-publish","hentry"],"_links":{"self":[{"href":"https:\/\/heimspiel.de\/de\/wp-json\/wp\/v2\/pages\/967","targetHints":{"allow":["GET"]}}],"collection":[{"href":"https:\/\/heimspiel.de\/de\/wp-json\/wp\/v2\/pages"}],"about":[{"href":"https:\/\/heimspiel.de\/de\/wp-json\/wp\/v2\/types\/page"}],"author":[{"embeddable":true,"href":"https:\/\/heimspiel.de\/de\/wp-json\/wp\/v2\/users\/3"}],"replies":[{"embeddable":true,"href":"https:\/\/heimspiel.de\/de\/wp-json\/wp\/v2\/comments?post=967"}],"version-history":[{"count":45,"href":"https:\/\/heimspiel.de\/de\/wp-json\/wp\/v2\/pages\/967\/revisions"}],"predecessor-version":[{"id":1219,"href":"https:\/\/heimspiel.de\/de\/wp-json\/wp\/v2\/pages\/967\/revisions\/1219"}],"up":[{"embeddable":true,"href":"https:\/\/heimspiel.de\/de\/wp-json\/wp\/v2\/pages\/725"}],"wp:attachment":[{"href":"https:\/\/heimspiel.de\/de\/wp-json\/wp\/v2\/media?parent=967"}],"curies":[{"name":"wp","href":"https:\/\/api.w.org\/{rel}","templated":true}]}}